{"id":1040,"date":"2015-03-27T16:53:55","date_gmt":"2015-03-27T16:53:55","guid":{"rendered":"http:\/\/www.kriesi.at\/themes\/enfold\/?page_id=1040"},"modified":"2015-11-19T12:05:49","modified_gmt":"2015-11-19T15:05:49","slug":"homepage","status":"publish","type":"page","link":"https:\/\/www.pactorh.com.br\/teste-disc\/","title":{"rendered":"Homepage"},"content":{"rendered":"<div id='layer_slider_1'  class='avia-layerslider main_color avia-shadow  avia-builder-el-0  el_before_av_one_third  avia-builder-el-first  container_wrap sidebar_right'  style='height: 471px;'  ><\/div><div id='after_layer_slider_1'  class='main_color av_default_container_wrap container_wrap sidebar_right'  ><div class='container av-section-cont-open' ><div class='template-page content  av-content-small alpha units'><div class='post-entry post-entry-type-page post-entry-1040'><div class='entry-content-wrapper clearfix'>\n<div  class='flex_column av-av_one_third-2a9015ff38129c418a3f2eafba3e9512 av_one_third  avia-builder-el-1  el_after_av_layerslider  el_before_av_one_third  avia-builder-el-first  first flex_column_div  '     ><article  class='iconbox iconbox_top av-av_icon_box-1711f45b0411b2400fd2af81f2d25628  avia-builder-el-2  avia-builder-el-no-sibling  main_color'  itemscope=\"itemscope\" itemtype=\"https:\/\/schema.org\/CreativeWork\" ><div class=\"iconbox_content\"><header class=\"entry-content-header\"><div class=\"iconbox_icon heading-color\" aria-hidden='true' data-av_icon='\ue80b' data-av_iconfont='entypo-fontello'><\/div><h3 class='iconbox_content_title '  itemprop=\"headline\" ><a href='https:\/\/www.pactorh.com.br\/teste-disc\/servicos\/treinamentos\/' title='Treinamentos'  >Treinamentos<\/a><\/h3><\/header><div class='iconbox_content_container '  itemprop=\"text\" ><p><strong>Aprenda a tirar o m\u00e1ximo de voc\u00ea mesmo!<\/strong><br \/>\nSeja uma melhor pessoa e um melhor profissional com nossos renomados treinamentos.<\/p>\n<\/div><\/div><footer class=\"entry-footer\"><\/footer><\/article><\/div>\n<div  class='flex_column av-av_one_third-3a36bb508d5fc0610edbe28fa28f353c av_one_third  avia-builder-el-3  el_after_av_one_third  el_before_av_one_third  flex_column_div  '     ><article  class='iconbox iconbox_top av-av_icon_box-0811ec2e1029eb9be3c65f30e12a579c  avia-builder-el-4  avia-builder-el-no-sibling  main_color'  itemscope=\"itemscope\" itemtype=\"https:\/\/schema.org\/CreativeWork\" ><div class=\"iconbox_content\"><header class=\"entry-content-header\"><div class=\"iconbox_icon heading-color\" aria-hidden='true' data-av_icon='\ue82b' data-av_iconfont='entypo-fontello'><\/div><h3 class='iconbox_content_title '  itemprop=\"headline\" ><a href='https:\/\/www.pactorh.com.br\/teste-disc\/servicos\/coaching\/' title='Coaching'  >Coaching<\/a><\/h3><\/header><div class='iconbox_content_container '  itemprop=\"text\" ><p>Transforme seu futuro no seu melhor presente! A melhor forma para o <strong>auto desenvolvimento<\/strong>, com acompanhamentos peri\u00f3dicos.<\/p>\n<\/div><\/div><footer class=\"entry-footer\"><\/footer><\/article><\/div>\n<div  class='flex_column av-av_one_third-3a36bb508d5fc0610edbe28fa28f353c av_one_third  avia-builder-el-5  el_after_av_one_third  el_before_av_section  avia-builder-el-last  flex_column_div  '     ><article  class='iconbox iconbox_top av-av_icon_box-e75f6c7c03cc2df56d2f5d28ab7834e8  avia-builder-el-6  avia-builder-el-no-sibling  main_color'  itemscope=\"itemscope\" itemtype=\"https:\/\/schema.org\/CreativeWork\" ><div class=\"iconbox_content\"><header class=\"entry-content-header\"><div class=\"iconbox_icon heading-color\" aria-hidden='true' data-av_icon='\ue84f' data-av_iconfont='entypo-fontello'><\/div><h3 class='iconbox_content_title '  itemprop=\"headline\" ><a href='https:\/\/www.pactorh.com.br\/teste-disc\/loja\/' title='Livros e e-books'  >Livros e e-books<\/a><\/h3><\/header><div class='iconbox_content_container '  itemprop=\"text\" ><p>Interessado em saber mais como se desenvolver? Conhe\u00e7a nossas publica\u00e7\u00f5es online!<\/p>\n<\/div><\/div><footer class=\"entry-footer\"><\/footer><\/article><\/div>\n<\/div><\/div><\/div><!-- close content main div --><\/div><\/div>\n<style type=\"text\/css\" data-created_by=\"avia_inline_auto\" id=\"style-css-av-av_section-b0a5560a801723348aff709703b412ef\">\n.avia-section.av-av_section-b0a5560a801723348aff709703b412ef{\nbackground-color:#fcfaf9;\nbackground-image:unset;\n}\n.avia-section.av-av_section-b0a5560a801723348aff709703b412ef .av-extra-border-element .av-extra-border-inner{\nbackground-color:#fcfaf9;\n}\n<\/style>\n<div id='av_section_1'  class='avia-section av-av_section-b0a5560a801723348aff709703b412ef alternate_color avia-section-default avia-shadow  avia-builder-el-7  el_after_av_one_third  el_before_av_promobox  avia-bg-style-scroll av-arrow-down-section container_wrap sidebar_right'  ><div class='container av-section-cont-open' ><div class='template-page content  av-content-small alpha units'><div class='post-entry post-entry-type-page post-entry-1040'><div class='entry-content-wrapper clearfix'>\n<div  class='flex_column av-av_one_fourth-2a9015ff38129c418a3f2eafba3e9512 av_one_fourth  avia-builder-el-8  el_before_av_three_fourth  avia-builder-el-first  first flex_column_div  '     ><style type=\"text\/css\" data-created_by=\"avia_inline_auto\" id=\"style-css-av-av_image-d8ea9bf155ba05bd4d7341b27c567fe9\">\n.avia-image-container.av-av_image-d8ea9bf155ba05bd4d7341b27c567fe9 img.avia_image{\nbox-shadow:none;\n}\n.avia-image-container.av-av_image-d8ea9bf155ba05bd4d7341b27c567fe9 .av-image-caption-overlay-center{\ncolor:#ffffff;\n}\n<\/style>\n<div  class='avia-image-container av-av_image-d8ea9bf155ba05bd4d7341b27c567fe9 av-styling- avia-align-center  avia-builder-el-9  avia-builder-el-no-sibling '   itemprop=\"image\" itemscope=\"itemscope\" itemtype=\"https:\/\/schema.org\/ImageObject\" ><div class=\"avia-image-container-inner\"><div class=\"avia-image-overlay-wrap\"><img class='wp-image-3840 avia-img-lazy-loading-not-3840 avia_image ' src='https:\/\/www.pactorh.com.br\/teste-disc\/wp-content\/uploads\/2015\/03\/unnamed.png' alt='' title='Ebook - Feedback Passo a Passo'  height=\"1024\" width=\"837\"  itemprop=\"thumbnailUrl\"  \/><\/div><\/div><\/div><\/div><div  class='flex_column av-av_three_fourth-3a36bb508d5fc0610edbe28fa28f353c av_three_fourth  avia-builder-el-10  el_after_av_one_fourth  avia-builder-el-last  flex_column_div  '     ><section  class='av_textblock_section av-av_textblock-0366cc7376be6c9e82a3e9cc8987b64f '   itemscope=\"itemscope\" itemtype=\"https:\/\/schema.org\/CreativeWork\" ><div class='avia_textblock'  itemprop=\"text\" ><h2>Compre agora\u00a0o ebook &#8220;Feedback Passo a Passo&#8221; e receba, gr\u00e1tis, seis b\u00f4nus imperd\u00edveis!<\/h2>\n<\/div><\/section><br \/>\n<div  class='hr av-av_hr-a7679b751e5e840b68c12be2618d865a hr-default  avia-builder-el-12  el_after_av_textblock  el_before_av_textblock '><span class='hr-inner '><span class=\"hr-inner-style\"><\/span><\/span><\/div><br \/>\n<section  class='av_textblock_section av-av_textblock-e264c9546442b10f00949307f5dd61ff '   itemscope=\"itemscope\" itemtype=\"https:\/\/schema.org\/CreativeWork\" ><div class='avia_textblock'  itemprop=\"text\" ><p>Adquira j\u00e1 o guia definitivo de como conduzir um feedback com excel\u00eancia!\u00a0Este e-book \u00e9 destinado a todas pessoas, l\u00edderes e liderados, que est\u00e3o buscando um m\u00e9todo que os ajude na pr\u00e1tica de FEEDBACK.<\/p>\n<p>Muitos livros e artigos falam da import\u00e2ncia, dos problemas e desafios enfrentados por l\u00edderes na pr\u00e1tica do feedback\u00a0mas poucos ensinam como fazer.<\/p>\n<p>Voc\u00ea aprender\u00e1 PASSO a PASSO todos os pontos relevantes da fase de prepara\u00e7\u00e3o do feedback, como evitar r\u00f3tulos e julgamentos, a arte de conduzir a conversa e ir direto ao assunto, defini\u00e7\u00e3o de compromissos e planos de a\u00e7\u00e3o, encerramento da conversa e autocr\u00edtica.<\/p>\n<p>Al\u00e9m disso, abordamos aspectos importantes de como lidar com as resist\u00eancias das pessoas, como elaborar perguntas que fa\u00e7am a pessoa refletir, estilos de lideran\u00e7a e a arte de escutar.<\/p>\n<p><strong>PROMO\u00c7\u00c3O POR\u00a0TEMPO LIMITADO!!! Compre agora o ebook e receba, totalmente gr\u00e1tis, seis b\u00f4nus incr\u00edveis!<\/strong><\/p>\n<\/div><\/section><br \/>\n<div  class='avia-button-wrap avia-button-center  avia-builder-el-14  el_after_av_textblock  avia-builder-el-last '>\n<style type=\"text\/css\" data-created_by=\"avia_inline_auto\" id=\"style-css-av-av_button_big-64c93b16e2ad4fdab9fe55badc73b039\">\n#top #wrap_all .avia-button.av-av_button_big-64c93b16e2ad4fdab9fe55badc73b039{\ncolor:#ffffff;\ntransition:all 0.4s ease-in-out;\n}\n#top #wrap_all .avia-button.av-av_button_big-64c93b16e2ad4fdab9fe55badc73b039:hover{\ncolor:#ffffff;\ntransition:all 0.4s ease-in-out;\n}\n<\/style>\n<a href='http:\/\/www.pactorh.com.br\/promo\/feedback-passo-a-passo' class='avia-color-theme-color avia-button avia-button-fullwidth av-av_button_big-64c93b16e2ad4fdab9fe55badc73b039 avia-icon_select-yes-left-icon avia-color-theme-color'  ><span class='avia_button_icon avia_button_icon_left' aria-hidden='true' data-av_icon='\ue8b0' data-av_iconfont='entypo-fontello'><\/span><span class='avia_iconbox_title' >Compre e baixe agora!<\/span><span class='avia_button_background avia-button avia-button-fullwidth avia-color-theme-color-subtle'><\/span><\/a><\/div><\/p><\/div>\n<\/div><\/div><\/div><!-- close content main div --><\/div><div class='av-extra-border-element border-extra-arrow-down'><div class='av-extra-border-outer'><div class='av-extra-border-inner'><\/div><\/div><\/div><\/div><div id='after_section_1'  class='main_color av_default_container_wrap container_wrap sidebar_right'  ><div class='container av-section-cont-open' ><div class='template-page content  av-content-small alpha units'><div class='post-entry post-entry-type-page post-entry-1040'><div class='entry-content-wrapper clearfix'>\n<div  class='av_promobox av-av_promobox-0154f6448cb6e386d8ccd8da2f44aa98 avia-button-yes  avia-builder-el-15  el_after_av_section  el_before_av_two_third  avia-builder-el-first '><div class='avia-promocontent'><p>\nConhe\u00e7a mais sobre a vida de <strong><a title=\"Quem \u00e9 Mauricio Vieira?\" href=\"http:\/\/www.pactorh.com.br\/quem-e-mauricio-vieira\/\">Maur\u00edcio Vieira<\/a><\/strong>, coach, fundador e diretor da <strong><a title=\"Sobre a Pacto RH\" href=\"http:\/\/www.pactorh.com.br\/sobre-a-pacto-rh\/\">Pacto RH<\/a><\/strong><\/p>\n<\/div><div  class='avia-button-wrap av-av_button-70636669c052b26ca01c03139d0f77d3-wrap avia-button-right '><a href='https:\/\/www.pactorh.com.br\/teste-disc\/sobre-a-pacto-rh\/quem-e-mauricio-vieira\/'  class='avia-button av-av_button-70636669c052b26ca01c03139d0f77d3 avia-icon_select-no avia-size-large avia-position-right avia-color-theme-color'  ><span class='avia_iconbox_title' >Saiba mais<\/span><\/a><\/div><\/div>\n<div  class='flex_column av-av_two_third-2a9015ff38129c418a3f2eafba3e9512 av_two_third  avia-builder-el-16  el_after_av_promobox  el_before_av_one_third  first flex_column_div  '     ><p>\n<style type=\"text\/css\" data-created_by=\"avia_inline_auto\" id=\"style-css-av-av_heading-926542dc743d458fc1b4afad30aa3c54\">\n#top .av-special-heading.av-av_heading-926542dc743d458fc1b4afad30aa3c54{\npadding-bottom:0;\n}\nbody .av-special-heading.av-av_heading-926542dc743d458fc1b4afad30aa3c54 .av-special-heading-tag .heading-char{\nfont-size:25px;\n}\n.av-special-heading.av-av_heading-926542dc743d458fc1b4afad30aa3c54 .av-subheading{\nfont-size:10px;\n}\n<\/style>\n<div  class='av-special-heading av-av_heading-926542dc743d458fc1b4afad30aa3c54 av-special-heading-h4 meta-heading  avia-builder-el-17  el_before_av_postslider  avia-builder-el-first '><h4 class='av-special-heading-tag'  itemprop=\"headline\"  >\u00daltimos artigos<\/h4><div class=\"special-heading-border\"><div class=\"special-heading-inner-border\"><\/div><\/div><\/div><br \/>\n<\/p><\/div>\n<div  class='flex_column av-av_one_third-3a36bb508d5fc0610edbe28fa28f353c av_one_third  avia-builder-el-19  el_after_av_two_third  avia-builder-el-last  flex_column_div  '     ><p>\n<style type=\"text\/css\" data-created_by=\"avia_inline_auto\" id=\"style-css-av-av_heading-fb808b62397dbbe1e0865174292e2c2e\">\n#top .av-special-heading.av-av_heading-fb808b62397dbbe1e0865174292e2c2e{\npadding-bottom:0;\n}\nbody .av-special-heading.av-av_heading-fb808b62397dbbe1e0865174292e2c2e .av-special-heading-tag .heading-char{\nfont-size:25px;\n}\n.av-special-heading.av-av_heading-fb808b62397dbbe1e0865174292e2c2e .av-subheading{\nfont-size:10px;\n}\n<\/style>\n<div  class='av-special-heading av-av_heading-fb808b62397dbbe1e0865174292e2c2e av-special-heading-h4 meta-heading  avia-builder-el-20  el_before_av_testimonials  avia-builder-el-first '><h4 class='av-special-heading-tag'  itemprop=\"headline\"  >Testemunhos<\/h4><div class=\"special-heading-border\"><div class=\"special-heading-inner-border\"><\/div><\/div><\/div><br \/>\n<div  class='avia-testimonial-wrapper av-av_testimonials-4b0d9841c14839c58343737d1d5eee6b avia-slider-testimonials avia-slider-2-testimonials avia_animate_when_almost_visible av-slideshow-ui av-control-default av-slider-hover-pause av-slideshow-autoplay av-loop-endless av-loop-manual-endless' data-slideshow-options=\"{&quot;animation&quot;:&quot;fade&quot;,&quot;autoplay&quot;:true,&quot;loop_autoplay&quot;:&quot;endless&quot;,&quot;interval&quot;:10,&quot;loop_manual&quot;:&quot;manual-endless&quot;,&quot;autoplay_stopper&quot;:false,&quot;noNavigation&quot;:false,&quot;bg_slider&quot;:false,&quot;keep_padding&quot;:&quot;&quot;,&quot;hoverpause&quot;:true,&quot;show_slide_delay&quot;:0}\">\n<section class=\"avia-testimonial-row\"><div class='avia-testimonial av-av_testimonial_single-e21d8b407e90d1349cd458f011a4e53a avia-testimonial-row-1 avia-first-testimonial flex_column no_margin av_one_half'><div class='avia-testimonial_inner'  itemscope=\"itemscope\" itemtype=\"https:\/\/schema.org\/CreativeWork\" ><div class='avia-testimonial-content '><div class='avia-testimonial-markup-entry-content'  itemprop=\"text\" ><p>&#8220;Ao contr\u00e1rio de palestrantes que falam de lideran\u00e7a sem nunca terem passado por isso, o Maur\u00edcio foi um l\u00edder e conduziu equipes por anos dentro de grandes empresas, portanto o que ele fala \u00e9 sua experi\u00eancia e sua viv\u00eancia. Ele conhece o caminho das pedras. Um profissional que eu recomendo fortemente.&#8221;<\/p>\n<\/div><\/div><div class=\"avia-testimonial-meta\"><div class=\"avia-testimonial-arrow-wrap\"><div class=\"avia-arrow\"><\/div><\/div><div class='avia-testimonial-image'  itemprop=\"image\" ><img loading=\"lazy\" decoding=\"async\" width=\"180\" height=\"180\" src=\"https:\/\/www.pactorh.com.br\/teste-disc\/wp-content\/uploads\/2013\/04\/ricardopiovan-180x180.jpg\" class=\"attachment-square size-square\" alt=\"\" \/><\/div><div class='avia-testimonial-meta-mini'  itemprop=\"author\" itemscope=\"itemscope\" itemtype=\"https:\/\/schema.org\/Person\" ><strong  class='avia-testimonial-name'  itemprop=\"name\" >Ricardo Piovan<\/strong><span  class='avia-testimonial-subtitle '  itemprop=\"jobTitle\" >Autor e palestrante<\/span><\/div><\/div><\/div><\/div>\n<div class='avia-testimonial av-av_testimonial_single-505a357bceaa326459d896fe1c4d5c47 avia-testimonial-row-1 flex_column no_margin av_one_half'><div class='avia-testimonial_inner'  itemscope=\"itemscope\" itemtype=\"https:\/\/schema.org\/CreativeWork\" ><div class='avia-testimonial-content '><div class='avia-testimonial-markup-entry-content'  itemprop=\"text\" ><p>&#8220;Tive o prazer de conhecer sua obra em e-book \u201cFeedback\u201d que apresentou conceitos, metodologias de forma pr\u00e1tica e aplic\u00e1vel \u00e0 realidade das organiza\u00e7\u00f5es. Sem d\u00favida sempre simples, inovador e com diferenciais\u201d<\/p>\n<\/div><\/div><div class=\"avia-testimonial-meta\"><div class=\"avia-testimonial-arrow-wrap\"><div class=\"avia-arrow\"><\/div><\/div><div class='avia-testimonial-image'  itemprop=\"image\" ><img loading=\"lazy\" decoding=\"async\" width=\"180\" height=\"180\" src=\"https:\/\/www.pactorh.com.br\/teste-disc\/wp-content\/uploads\/2013\/04\/julianaleal-180x180.jpg\" class=\"attachment-square size-square\" alt=\"\" \/><\/div><div class='avia-testimonial-meta-mini'  itemprop=\"author\" itemscope=\"itemscope\" itemtype=\"https:\/\/schema.org\/Person\" ><strong  class='avia-testimonial-name'  itemprop=\"name\" >Juliana Leal<\/strong><span  class='avia-testimonial-subtitle '  itemprop=\"jobTitle\" >Analista de RH, Oxiteno<\/span><\/div><\/div><\/div><\/div>\n<div class='avia-testimonial av-av_testimonial_single-ec63ea401641c079296d72fa52f4881d avia-testimonial-row-1 flex_column no_margin av_one_half'><div class='avia-testimonial_inner'  itemscope=\"itemscope\" itemtype=\"https:\/\/schema.org\/CreativeWork\" ><div class='avia-testimonial-content '><div class='avia-testimonial-markup-entry-content'  itemprop=\"text\" ><p>\u201cComo gestor, recordo-me que as habilidades do Maur\u00edcio faziam com que o time tivesse uma produ\u00e7\u00e3o muito superior ao esperado, pois ele trabalhava a motiva\u00e7\u00e3o do time, entendia os pontos fortes e os menos fortes de cada integrante, fazendo com que as pessoas se sentissem orgulhosas de pertencerem ao grupo.&#8221;<\/p>\n<\/div><\/div><div class=\"avia-testimonial-meta\"><div class=\"avia-testimonial-arrow-wrap\"><div class=\"avia-arrow\"><\/div><\/div><div class='avia-testimonial-image'  itemprop=\"image\" ><img loading=\"lazy\" decoding=\"async\" width=\"180\" height=\"180\" src=\"https:\/\/www.pactorh.com.br\/teste-disc\/wp-content\/uploads\/2013\/04\/leandroborges-180x180.jpg\" class=\"attachment-square size-square\" alt=\"\" \/><\/div><div class='avia-testimonial-meta-mini'  itemprop=\"author\" itemscope=\"itemscope\" itemtype=\"https:\/\/schema.org\/Person\" ><strong  class='avia-testimonial-name'  itemprop=\"name\" >Leandro Borges Marconi<\/strong><span  class='avia-testimonial-subtitle '  itemprop=\"jobTitle\" >Analista financeiro no BRQ<\/span><\/div><\/div><\/div><\/div>\n<div class='avia-testimonial av-av_testimonial_single-ff271163ece07b78488e92a29e2c7481 avia-testimonial-row-1 flex_column no_margin av_one_half'><div class='avia-testimonial_inner'  itemscope=\"itemscope\" itemtype=\"https:\/\/schema.org\/CreativeWork\" ><div class='avia-testimonial-content '><div class='avia-testimonial-markup-entry-content'  itemprop=\"text\" ><p>&#8220;Mesmo em situa\u00e7\u00f5es dif\u00edceis, o Maur\u00edcio me ajudou a criar confian\u00e7a, melhorar minhas habilidades e superar meus pontos fracos. S\u00f3 tenho a agradecer por esse per\u00edodo pois foi nele onde mais consegui acelerar minha carreira e de uma forma sustent\u00e1vel.&#8221;<\/p>\n<\/div><\/div><div class=\"avia-testimonial-meta\"><div class=\"avia-testimonial-arrow-wrap\"><div class=\"avia-arrow\"><\/div><\/div><div class='avia-testimonial-image'  itemprop=\"image\" ><img loading=\"lazy\" decoding=\"async\" width=\"180\" height=\"180\" src=\"https:\/\/www.pactorh.com.br\/teste-disc\/wp-content\/uploads\/2013\/04\/viniciusfonseca-180x180.jpg\" class=\"attachment-square size-square\" alt=\"\" \/><\/div><div class='avia-testimonial-meta-mini'  itemprop=\"author\" itemscope=\"itemscope\" itemtype=\"https:\/\/schema.org\/Person\" ><strong  class='avia-testimonial-name'  itemprop=\"name\" >Vin\u00edcius Fonseca Borges<\/strong><span  class='avia-testimonial-subtitle '  itemprop=\"jobTitle\" >Analista Sr, Ita\u00fa<\/span><\/div><\/div><\/div><\/div>\n<div class='avia-testimonial av-av_testimonial_single-5865f86abd2eeefa67ddb7200c5e1fe3 avia-testimonial-row-1 flex_column no_margin av_one_half'><div class='avia-testimonial_inner'  itemscope=\"itemscope\" itemtype=\"https:\/\/schema.org\/CreativeWork\" ><div class='avia-testimonial-content '><div class='avia-testimonial-markup-entry-content'  itemprop=\"text\" ><p>&#8220;Mauricio me ensinou que o caminho para qualquer profissional se desenvolver, deve sempre passar por um feedback assertivo, mostrando fatos, situa\u00e7\u00f5es do dia-a-dia, corrigindo atitudes e comportamentos e orientando para onde devemos ir.\u201d<\/p>\n<\/div><\/div><div class=\"avia-testimonial-meta\"><div class=\"avia-testimonial-arrow-wrap\"><div class=\"avia-arrow\"><\/div><\/div><div class='avia-testimonial-image'  itemprop=\"image\" ><img loading=\"lazy\" decoding=\"async\" width=\"180\" height=\"180\" src=\"https:\/\/www.pactorh.com.br\/teste-disc\/wp-content\/uploads\/2013\/04\/renatanascimento-180x180.jpg\" class=\"attachment-square size-square\" alt=\"\" \/><\/div><div class='avia-testimonial-meta-mini'  itemprop=\"author\" itemscope=\"itemscope\" itemtype=\"https:\/\/schema.org\/Person\" ><strong  class='avia-testimonial-name'  itemprop=\"name\" >Renata Fernanda Nascimento<\/strong><span  class='avia-testimonial-subtitle '  itemprop=\"jobTitle\" >Analista de sistemas, Ita\u00fa<\/span><\/div><\/div><\/div><\/div>\n<\/section><div class='avia-slideshow-arrows avia-slideshow-controls' ><a href='#prev' class='prev-slide ' aria-hidden='true' data-av_icon='\ue87c' data-av_iconfont='entypo-fontello'  tabindex='-1'>Anterior<\/a><a href='#next' class='next-slide ' aria-hidden='true' data-av_icon='\ue87d' data-av_iconfont='entypo-fontello'  tabindex='-1'>Pr\u00f3ximo<\/a><\/div><\/div><br \/>\n<section  class='av_textblock_section av-av_textblock-0366cc7376be6c9e82a3e9cc8987b64f '   itemscope=\"itemscope\" itemtype=\"https:\/\/schema.org\/CreativeWork\" ><div class='avia_textblock'  itemprop=\"text\" ><p><a title=\"Depoimentos\" href=\"http:\/\/www.pactorh.com.br\/sobre-a-pacto-rh\/depoimentos\/\">Ver todos<\/a><\/p>\n<\/div><\/section><\/p><\/div>\n","protected":false},"excerpt":{"rendered":"<p>This is a Page excerpt. It will be displayed for search results<\/p>\n","protected":false},"author":1,"featured_media":0,"parent":0,"menu_order":0,"comment_status":"open","ping_status":"closed","template":"","meta":{"footnotes":""},"class_list":["post-1040","page","type-page","status-publish","hentry"],"_links":{"self":[{"href":"https:\/\/www.pactorh.com.br\/teste-disc\/wp-json\/wp\/v2\/pages\/1040","targetHints":{"allow":["GET"]}}],"collection":[{"href":"https:\/\/www.pactorh.com.br\/teste-disc\/wp-json\/wp\/v2\/pages"}],"about":[{"href":"https:\/\/www.pactorh.com.br\/teste-disc\/wp-json\/wp\/v2\/types\/page"}],"author":[{"embeddable":true,"href":"https:\/\/www.pactorh.com.br\/teste-disc\/wp-json\/wp\/v2\/users\/1"}],"replies":[{"embeddable":true,"href":"https:\/\/www.pactorh.com.br\/teste-disc\/wp-json\/wp\/v2\/comments?post=1040"}],"version-history":[{"count":10,"href":"https:\/\/www.pactorh.com.br\/teste-disc\/wp-json\/wp\/v2\/pages\/1040\/revisions"}],"predecessor-version":[{"id":4250,"href":"https:\/\/www.pactorh.com.br\/teste-disc\/wp-json\/wp\/v2\/pages\/1040\/revisions\/4250"}],"wp:attachment":[{"href":"https:\/\/www.pactorh.com.br\/teste-disc\/wp-json\/wp\/v2\/media?parent=1040"}],"curies":[{"name":"wp","href":"https:\/\/api.w.org\/{rel}","templated":true}]}}