{"id":4118,"date":"2015-11-18T14:03:21","date_gmt":"2015-11-18T17:03:21","guid":{"rendered":"http:\/\/www.pactorh.com.br\/?page_id=4118"},"modified":"2015-11-18T18:33:12","modified_gmt":"2015-11-18T21:33:12","slug":"personalidade-disc-i-influencia","status":"publish","type":"page","link":"https:\/\/www.pactorh.com.br\/teste-disc\/disc\/os-quatro-tipos-personalidade\/personalidade-disc-i-influencia\/","title":{"rendered":"Personalidade DISC: I &#8211; Influ\u00eancia"},"content":{"rendered":"<div  class='flex_column av-av_one_full-2a9015ff38129c418a3f2eafba3e9512 av_one_full  avia-builder-el-0  el_before_av_two_third  avia-builder-el-first  first flex_column_div  '     ><style type=\"text\/css\" data-created_by=\"avia_inline_auto\" id=\"style-css-av-av_image-82065917590704ebb3ed5dad278f29ef\">\n.avia-image-container.av-av_image-82065917590704ebb3ed5dad278f29ef img.avia_image{\nbox-shadow:none;\n}\n.avia-image-container.av-av_image-82065917590704ebb3ed5dad278f29ef .av-image-caption-overlay-center{\ncolor:#ffffff;\n}\n<\/style>\n<div  class='avia-image-container av-av_image-82065917590704ebb3ed5dad278f29ef av-styling- avia_animated_image av-animated-when-visible-95 top-to-bottom avia-align-center  avia-builder-el-1  avia-builder-el-no-sibling '   itemprop=\"image\" itemscope=\"itemscope\" itemtype=\"https:\/\/schema.org\/ImageObject\" ><div class=\"avia-image-container-inner\"><div class=\"avia-image-overlay-wrap\"><img class='wp-image-4011 avia-img-lazy-loading-not-4011 avia_image ' src='https:\/\/www.pactorh.com.br\/teste-disc\/wp-content\/uploads\/2015\/11\/header_i.jpg' alt='' title='Teste DiSC - Influ\u00eancia'  height=\"350\" width=\"1170\"  itemprop=\"thumbnailUrl\"  \/><\/div><\/div><\/div><\/div>\n<div  class='flex_column av-av_two_third-2a9015ff38129c418a3f2eafba3e9512 av_two_third  avia-builder-el-2  el_after_av_one_full  el_before_av_one_third  first flex_column_div  column-top-margin'     ><p>\n<style type=\"text\/css\" data-created_by=\"avia_inline_auto\" id=\"style-css-av-av_heading-cd937cd0e7d3809e32da5da95a1ea2e1\">\n#top .av-special-heading.av-av_heading-cd937cd0e7d3809e32da5da95a1ea2e1{\npadding-bottom:10px;\n}\nbody .av-special-heading.av-av_heading-cd937cd0e7d3809e32da5da95a1ea2e1 .av-special-heading-tag .heading-char{\nfont-size:25px;\n}\n.av-special-heading.av-av_heading-cd937cd0e7d3809e32da5da95a1ea2e1 .av-subheading{\nfont-size:15px;\n}\n<\/style>\n<div  class='av-special-heading av-av_heading-cd937cd0e7d3809e32da5da95a1ea2e1 av-special-heading-h1  avia-builder-el-3  el_before_av_heading  avia-builder-el-first  av-thin-font'><h1 class='av-special-heading-tag'  itemprop=\"headline\"  >Personalidade I &#8211; <strong><span class='special_amp'>&#8220;<\/span>Influ\u00eancia<span class='special_amp'>&#8221;<\/span><\/strong><\/h1><div class=\"special-heading-border\"><div class=\"special-heading-inner-border\"><\/div><\/div><\/div><br \/>\n\n<style type=\"text\/css\" data-created_by=\"avia_inline_auto\" id=\"style-css-av-av_heading-4a1942f72ddd4a4de4ebc9a8f9bf5644\">\n#top .av-special-heading.av-av_heading-4a1942f72ddd4a4de4ebc9a8f9bf5644{\npadding-bottom:10px;\n}\nbody .av-special-heading.av-av_heading-4a1942f72ddd4a4de4ebc9a8f9bf5644 .av-special-heading-tag .heading-char{\nfont-size:25px;\n}\n.av-special-heading.av-av_heading-4a1942f72ddd4a4de4ebc9a8f9bf5644 .av-subheading{\nfont-size:15px;\n}\n<\/style>\n<div  class='av-special-heading av-av_heading-4a1942f72ddd4a4de4ebc9a8f9bf5644 av-special-heading-h3 blockquote classic-quote  avia-builder-el-4  el_after_av_heading  el_before_av_textblock '><h3 class='av-special-heading-tag'  itemprop=\"headline\"  >Voc\u00ea tem \u00eanfase em influenciar e persuadir outros. Gosta de trabalhar em equipe, de compartilhar e motivar os outros.<\/h3><div class=\"special-heading-border\"><div class=\"special-heading-inner-border\"><\/div><\/div><\/div><br \/>\n<section  class='av_textblock_section av-av_textblock-0366cc7376be6c9e82a3e9cc8987b64f '   itemscope=\"itemscope\" itemtype=\"https:\/\/schema.org\/CreativeWork\" ><div class='avia_textblock'  itemprop=\"text\" ><blockquote>\n<p><i>&#8220;Quando eu me sinto l\u00f3gica e n\u00e3o sigo meus instintos, \u00e9 a\u00ed que arrumo problemas.&#8221;<\/i><\/p>\n<\/blockquote>\n<p>&#8211;\u00a0Angelina Jolie<\/p>\n<\/div><\/section><br \/>\n\n<style type=\"text\/css\" data-created_by=\"avia_inline_auto\" id=\"style-css-av-av_heading-ae9decefdcd97b806ac2b85b060b6c48\">\n#top .av-special-heading.av-av_heading-ae9decefdcd97b806ac2b85b060b6c48{\npadding-bottom:10px;\n}\nbody .av-special-heading.av-av_heading-ae9decefdcd97b806ac2b85b060b6c48 .av-special-heading-tag .heading-char{\nfont-size:25px;\n}\n.av-special-heading.av-av_heading-ae9decefdcd97b806ac2b85b060b6c48 .av-subheading{\nfont-size:15px;\n}\n<\/style>\n<div  class='av-special-heading av-av_heading-ae9decefdcd97b806ac2b85b060b6c48 av-special-heading-h3 meta-heading  avia-builder-el-6  el_after_av_textblock  el_before_av_textblock '><h3 class='av-special-heading-tag'  itemprop=\"headline\"  >Descri\u00e7\u00e3o<\/h3><div class=\"special-heading-border\"><div class=\"special-heading-inner-border\"><\/div><\/div><\/div><br \/>\n<section  class='av_textblock_section av-av_textblock-0366cc7376be6c9e82a3e9cc8987b64f '   itemscope=\"itemscope\" itemtype=\"https:\/\/schema.org\/CreativeWork\" ><div class='avia_textblock'  itemprop=\"text\" ><div>A pessoa influente costuma influenciar e persuadir os outros de forma espont\u00e2nea.<\/div>\n<div>Gosta de trabalhar em equipe e de compartilhar. \u00c9 aberta, entret\u00e9m e motiva os outros.<\/div>\n<div>Entusiasmada, n\u00e3o tem medo de confiar. \u00c9 otimista, faltante, impulsiva e emocional.<\/div>\n<p>Relacionado a: Situa\u00e7\u00f5es sociais e de comunica\u00e7\u00e3o.<\/p>\n<p><strong><br \/>\nPessoa com caracter\u00edstica I\u00a0forte:<br \/>\n<\/strong>Influencia outros a falar, tendem a ser emocionais.<br \/>\nDescrito como: Convincente, magn\u00e9tico, pol\u00edtico, entusi\u00e1stica, persuasiva, calorosa, demonstrativa, confiante nos outros, otimista.<\/p>\n<p><strong><br \/>\nPessoa com caracter\u00edstica I\u00a0baixa:<br \/>\n<\/strong>Influenciado mais por dados e fatos e n\u00e3o sentimentos.<br \/>\nDescritos como: Refletivo, factual, calculista, c\u00e9tico, l\u00f3gico, desconfiado, pessimista, cr\u00edtico.<\/p>\n<\/div><\/section><br \/>\n<div  class='avia-table av-av_table-5e8dca6f6373d6df8320a18f615115f7 main_color avia-pricing-table-container avia_pricing_default  avia-builder-el-8  el_after_av_textblock  avia-builder-el-last  avia-table-1'  itemscope=\"itemscope\" itemtype=\"https:\/\/schema.org\/Table\" ><div class=\"pricing-table-wrap\"><ul class='pricing-table '><li class='avia-heading-row'><div class='first-table-item'>Pontos fortes<\/div><span class='pricing-extra'><\/span><\/li><li class=''>Entusiasmado<\/li><li class=''>Otimista<\/li><li class=''>Pol\u00edtico<\/li><li class=''>Eloquente<\/li><li class=''>Persuasivo<\/li><li class=''>Caloroso<\/li><li class=''>Convincente<\/li><li class=''>Atencioso<\/li><li class=''>Confi\u00e1vel<\/li><li class=''>Soci\u00e1vel<\/li><li class=''>Bem-humorado<\/li><\/ul><\/div><div class=\"pricing-table-wrap\"><ul class='pricing-table '><li class='avia-heading-row'><div class='first-table-item'>Pontos limitantes<\/div><span class='pricing-extra'><\/span><\/li><li class=''>Abandonar quando h\u00e1 conflito<\/li><li class=''>Demasiadamente otimista<\/li><li class=''>Ser indireto na comunica\u00e7\u00e3o<\/li><li class=''>Falar muito r\u00e1pido<\/li><li class=''>Problemas com tempo<\/li><li class=''>Problemas em completar tarefas<\/li><li class=''>Desorganizado<\/li><li class=''>Ter problemas comunica\u00e7\u00e3o<\/li><li class=''>Confiar demais nas pessoas<\/li><li class=''>Falar sem pensar<\/li><li class=''>Perde o foco com facilidade<\/li><\/ul><\/div><\/div><\/p><\/div>\n<div  class='flex_column av-av_one_third-3a36bb508d5fc0610edbe28fa28f353c av_one_third  avia-builder-el-9  el_after_av_two_third  el_before_av_one_third  flex_column_div  column-top-margin'     ><p>\n<style type=\"text\/css\" data-created_by=\"avia_inline_auto\" id=\"style-css-av-av_heading-1ca81283c6b96818a098a90082dce83e\">\n#top .av-special-heading.av-av_heading-1ca81283c6b96818a098a90082dce83e{\npadding-bottom:10px;\n}\nbody .av-special-heading.av-av_heading-1ca81283c6b96818a098a90082dce83e .av-special-heading-tag .heading-char{\nfont-size:25px;\n}\n.av-special-heading.av-av_heading-1ca81283c6b96818a098a90082dce83e .av-subheading{\nfont-size:15px;\n}\n<\/style>\n<div  class='av-special-heading av-av_heading-1ca81283c6b96818a098a90082dce83e av-special-heading-h3 meta-heading  avia-builder-el-10  el_before_av_image  avia-builder-el-first '><h3 class='av-special-heading-tag'  itemprop=\"headline\"  ><span class='special_amp'>&#8220;<\/span>I<span class='special_amp'>&#8221;<\/span> famosos<\/h3><div class=\"special-heading-border\"><div class=\"special-heading-inner-border\"><\/div><\/div><\/div><br \/>\n\n<style type=\"text\/css\" data-created_by=\"avia_inline_auto\" id=\"style-css-av-av_image-f5bf06bae50992f1524d41517d2984e3\">\n.avia-image-container.av-av_image-f5bf06bae50992f1524d41517d2984e3 img.avia_image{\nbox-shadow:none;\n}\n.avia-image-container.av-av_image-f5bf06bae50992f1524d41517d2984e3 .av-caption-image-overlay-bg{\nopacity:0.4;\nbackground-color:#000000;\n}\n.avia-image-container.av-av_image-f5bf06bae50992f1524d41517d2984e3 .av-image-caption-overlay-center{\ncolor:#ffffff;\n}\n<\/style>\n<div  class='avia-image-container av-av_image-f5bf06bae50992f1524d41517d2984e3 av-styling-no-styling avia_animated_image av-animated-when-visible-95 top-to-bottom avia-align-center  avia-builder-el-11  el_after_av_heading  el_before_av_image  noHover av-overlay-hover-deactivate'   itemprop=\"image\" itemscope=\"itemscope\" itemtype=\"https:\/\/schema.org\/ImageObject\" ><div class=\"avia-image-container-inner\"><div class=\"avia-image-overlay-wrap\"><div class=\"av-image-caption-overlay\"><div class=\"av-caption-image-overlay-bg\"><\/div><div class=\"av-image-caption-overlay-position\"><div class=\"av-image-caption-overlay-center\"><p>Richard Branson<\/p>\n<\/div><\/div><\/div><img class='wp-image-4029 avia-img-lazy-loading-not-4029 avia_image ' src='https:\/\/www.pactorh.com.br\/teste-disc\/wp-content\/uploads\/2015\/11\/discfamosos_richardbranson.jpg' alt='' title='Richard Branson'  height=\"350\" width=\"495\"  itemprop=\"thumbnailUrl\"  \/><\/div><\/div><\/div><br \/>\n\n<style type=\"text\/css\" data-created_by=\"avia_inline_auto\" id=\"style-css-av-av_image-e2970eba5b650d709b582daf3f2c0e2b\">\n.avia-image-container.av-av_image-e2970eba5b650d709b582daf3f2c0e2b img.avia_image{\nbox-shadow:none;\n}\n.avia-image-container.av-av_image-e2970eba5b650d709b582daf3f2c0e2b .av-caption-image-overlay-bg{\nopacity:0.4;\nbackground-color:#000000;\n}\n.avia-image-container.av-av_image-e2970eba5b650d709b582daf3f2c0e2b .av-image-caption-overlay-center{\ncolor:#ffffff;\n}\n<\/style>\n<div  class='avia-image-container av-av_image-e2970eba5b650d709b582daf3f2c0e2b av-styling-no-styling avia_animated_image av-animated-when-visible-95 top-to-bottom avia-align-center  avia-builder-el-12  el_after_av_image  el_before_av_image  noHover av-overlay-hover-deactivate'   itemprop=\"image\" itemscope=\"itemscope\" itemtype=\"https:\/\/schema.org\/ImageObject\" ><div class=\"avia-image-container-inner\"><div class=\"avia-image-overlay-wrap\"><div class=\"av-image-caption-overlay\"><div class=\"av-caption-image-overlay-bg\"><\/div><div class=\"av-image-caption-overlay-position\"><div class=\"av-image-caption-overlay-center\"><p>Oprah Winfrey<\/p>\n<\/div><\/div><\/div><img class='wp-image-4023 avia-img-lazy-loading-not-4023 avia_image ' src='https:\/\/www.pactorh.com.br\/teste-disc\/wp-content\/uploads\/2015\/11\/discfamosos_oprah.jpg' alt='' title='Oprah Winfrey'  height=\"350\" width=\"495\"  itemprop=\"thumbnailUrl\"  \/><\/div><\/div><\/div><br \/>\n\n<style type=\"text\/css\" data-created_by=\"avia_inline_auto\" id=\"style-css-av-av_image-bb61cee03431fec2612ceeeee3478a40\">\n.avia-image-container.av-av_image-bb61cee03431fec2612ceeeee3478a40 img.avia_image{\nbox-shadow:none;\n}\n.avia-image-container.av-av_image-bb61cee03431fec2612ceeeee3478a40 .av-caption-image-overlay-bg{\nopacity:0.4;\nbackground-color:#000000;\n}\n.avia-image-container.av-av_image-bb61cee03431fec2612ceeeee3478a40 .av-image-caption-overlay-center{\ncolor:#ffffff;\n}\n<\/style>\n<div  class='avia-image-container av-av_image-bb61cee03431fec2612ceeeee3478a40 av-styling-no-styling avia_animated_image av-animated-when-visible-95 top-to-bottom avia-align-center  avia-builder-el-13  el_after_av_image  el_before_av_image  noHover av-overlay-hover-deactivate'   itemprop=\"image\" itemscope=\"itemscope\" itemtype=\"https:\/\/schema.org\/ImageObject\" ><div class=\"avia-image-container-inner\"><div class=\"avia-image-overlay-wrap\"><div class=\"av-image-caption-overlay\"><div class=\"av-caption-image-overlay-bg\"><\/div><div class=\"av-image-caption-overlay-position\"><div class=\"av-image-caption-overlay-center\"><p>Bill Clinton<\/p>\n<\/div><\/div><\/div><img class='wp-image-4024 avia-img-lazy-loading-not-4024 avia_image ' src='https:\/\/www.pactorh.com.br\/teste-disc\/wp-content\/uploads\/2015\/11\/discfamosos_billclinton.jpg' alt='' title='Bill Clinton'  height=\"350\" width=\"495\"  itemprop=\"thumbnailUrl\"  \/><\/div><\/div><\/div><br \/>\n\n<style type=\"text\/css\" data-created_by=\"avia_inline_auto\" id=\"style-css-av-av_image-318c8b327af855639bcf10a186b56fd3\">\n.avia-image-container.av-av_image-318c8b327af855639bcf10a186b56fd3 img.avia_image{\nbox-shadow:none;\n}\n.avia-image-container.av-av_image-318c8b327af855639bcf10a186b56fd3 .av-caption-image-overlay-bg{\nopacity:0.4;\nbackground-color:#000000;\n}\n.avia-image-container.av-av_image-318c8b327af855639bcf10a186b56fd3 .av-image-caption-overlay-center{\ncolor:#ffffff;\n}\n<\/style>\n<div  class='avia-image-container av-av_image-318c8b327af855639bcf10a186b56fd3 av-styling-no-styling avia_animated_image av-animated-when-visible-95 top-to-bottom avia-align-center  avia-builder-el-14  el_after_av_image  avia-builder-el-last  noHover av-overlay-hover-deactivate'   itemprop=\"image\" itemscope=\"itemscope\" itemtype=\"https:\/\/schema.org\/ImageObject\" ><div class=\"avia-image-container-inner\"><div class=\"avia-image-overlay-wrap\"><div class=\"av-image-caption-overlay\"><div class=\"av-caption-image-overlay-bg\"><\/div><div class=\"av-image-caption-overlay-position\"><div class=\"av-image-caption-overlay-center\"><p>Angelina Jolie<\/p>\n<\/div><\/div><\/div><img class='wp-image-4033 avia-img-lazy-loading-not-4033 avia_image ' src='https:\/\/www.pactorh.com.br\/teste-disc\/wp-content\/uploads\/2015\/11\/discfamosos_angelinajolie.jpg' alt='' title='Angelina Jolie'  height=\"350\" width=\"495\"  itemprop=\"thumbnailUrl\"  \/><\/div><\/div><\/div><\/p><\/div>\n<div  class='flex_column av-av_one_third-2a9015ff38129c418a3f2eafba3e9512 av_one_third  avia-builder-el-15  el_after_av_one_third  el_before_av_one_third  first flex_column_div  column-top-margin'     ><p>\n<style type=\"text\/css\" data-created_by=\"avia_inline_auto\" id=\"style-css-av-av_heading-70f7d652ce9d17bfbb25933ad34000cb\">\n#top .av-special-heading.av-av_heading-70f7d652ce9d17bfbb25933ad34000cb{\npadding-bottom:10px;\n}\nbody .av-special-heading.av-av_heading-70f7d652ce9d17bfbb25933ad34000cb .av-special-heading-tag .heading-char{\nfont-size:25px;\n}\n.av-special-heading.av-av_heading-70f7d652ce9d17bfbb25933ad34000cb .av-subheading{\nfont-size:15px;\n}\n<\/style>\n<div  class='av-special-heading av-av_heading-70f7d652ce9d17bfbb25933ad34000cb av-special-heading-h3 meta-heading  avia-builder-el-16  el_before_av_textblock  avia-builder-el-first '><h3 class='av-special-heading-tag'  itemprop=\"headline\"  >Valor \u00e0 equipe<\/h3><div class=\"special-heading-border\"><div class=\"special-heading-inner-border\"><\/div><\/div><\/div><br \/>\n<section  class='av_textblock_section av-av_textblock-0366cc7376be6c9e82a3e9cc8987b64f '   itemscope=\"itemscope\" itemtype=\"https:\/\/schema.org\/CreativeWork\" ><div class='avia_textblock'  itemprop=\"text\" ><ul>\n<li>Solucionador criativo de problemas<\/li>\n<li>Encorajador, motiva outros a conquistar<\/li>\n<li>Senso de humor positivo<\/li>\n<li>Negocia conflitos, busca pacificidade<\/li>\n<\/ul>\n<\/div><\/section><\/p><\/div>\n<div  class='flex_column av-av_one_third-3a36bb508d5fc0610edbe28fa28f353c av_one_third  avia-builder-el-18  el_after_av_one_third  el_before_av_one_third  flex_column_div  column-top-margin'     ><p>\n<style type=\"text\/css\" data-created_by=\"avia_inline_auto\" id=\"style-css-av-av_heading-74cbfea415d821b492f06078f08e6fb0\">\n#top .av-special-heading.av-av_heading-74cbfea415d821b492f06078f08e6fb0{\npadding-bottom:10px;\n}\nbody .av-special-heading.av-av_heading-74cbfea415d821b492f06078f08e6fb0 .av-special-heading-tag .heading-char{\nfont-size:25px;\n}\n.av-special-heading.av-av_heading-74cbfea415d821b492f06078f08e6fb0 .av-subheading{\nfont-size:15px;\n}\n<\/style>\n<div  class='av-special-heading av-av_heading-74cbfea415d821b492f06078f08e6fb0 av-special-heading-h3 meta-heading  avia-builder-el-19  el_before_av_textblock  avia-builder-el-first '><h3 class='av-special-heading-tag'  itemprop=\"headline\"  >Poss\u00edveis fraquezas<\/h3><div class=\"special-heading-border\"><div class=\"special-heading-inner-border\"><\/div><\/div><\/div><br \/>\n<section  class='av_textblock_section av-av_textblock-0366cc7376be6c9e82a3e9cc8987b64f '   itemscope=\"itemscope\" itemtype=\"https:\/\/schema.org\/CreativeWork\" ><div class='avia_textblock'  itemprop=\"text\" ><ul>\n<li>Mais preocupado com popularidade que resultados tang\u00edveis<\/li>\n<li>Falta de aten\u00e7\u00e3o para detalhes<\/li>\n<li>Exagera no uso de gestos e express\u00f5es faciais<\/li>\n<li>Tende a ouvir apenas quando \u00e9 conveniente<\/li>\n<\/ul>\n<\/div><\/section><\/p><\/div>\n<div  class='flex_column av-av_one_third-3a36bb508d5fc0610edbe28fa28f353c av_one_third  avia-builder-el-21  el_after_av_one_third  el_before_av_one_third  flex_column_div  column-top-margin'     ><p>\n<style type=\"text\/css\" data-created_by=\"avia_inline_auto\" id=\"style-css-av-av_heading-f01db1f45109f2993b0bbf49fcbe5585\">\n#top .av-special-heading.av-av_heading-f01db1f45109f2993b0bbf49fcbe5585{\npadding-bottom:10px;\n}\nbody .av-special-heading.av-av_heading-f01db1f45109f2993b0bbf49fcbe5585 .av-special-heading-tag .heading-char{\nfont-size:25px;\n}\n.av-special-heading.av-av_heading-f01db1f45109f2993b0bbf49fcbe5585 .av-subheading{\nfont-size:15px;\n}\n<\/style>\n<div  class='av-special-heading av-av_heading-f01db1f45109f2993b0bbf49fcbe5585 av-special-heading-h3 meta-heading  avia-builder-el-22  el_before_av_textblock  avia-builder-el-first '><h3 class='av-special-heading-tag'  itemprop=\"headline\"  >Seu maior medo<\/h3><div class=\"special-heading-border\"><div class=\"special-heading-inner-border\"><\/div><\/div><\/div><br \/>\n<section  class='av_textblock_section av-av_textblock-0366cc7376be6c9e82a3e9cc8987b64f '   itemscope=\"itemscope\" itemtype=\"https:\/\/schema.org\/CreativeWork\" ><div class='avia_textblock'  itemprop=\"text\" ><ul>\n<ul>\n<li>Rejei\u00e7\u00e3o<\/li>\n<\/ul>\n<\/ul>\n<\/div><\/section><\/p><\/div>\n<div  class='flex_column av-av_one_third-2a9015ff38129c418a3f2eafba3e9512 av_one_third  avia-builder-el-24  el_after_av_one_third  el_before_av_one_third  first flex_column_div  column-top-margin'     ><p>\n<style type=\"text\/css\" data-created_by=\"avia_inline_auto\" id=\"style-css-av-av_heading-1ca81283c6b96818a098a90082dce83e\">\n#top .av-special-heading.av-av_heading-1ca81283c6b96818a098a90082dce83e{\npadding-bottom:10px;\n}\nbody .av-special-heading.av-av_heading-1ca81283c6b96818a098a90082dce83e .av-special-heading-tag .heading-char{\nfont-size:25px;\n}\n.av-special-heading.av-av_heading-1ca81283c6b96818a098a90082dce83e .av-subheading{\nfont-size:15px;\n}\n<\/style>\n<div  class='av-special-heading av-av_heading-1ca81283c6b96818a098a90082dce83e av-special-heading-h3 meta-heading  avia-builder-el-25  el_before_av_textblock  avia-builder-el-first '><h3 class='av-special-heading-tag'  itemprop=\"headline\"  ><span class='special_amp'>&#8220;<\/span>I<span class='special_amp'>&#8221;<\/span> famosos<\/h3><div class=\"special-heading-border\"><div class=\"special-heading-inner-border\"><\/div><\/div><\/div><br \/>\n<section  class='av_textblock_section av-av_textblock-0366cc7376be6c9e82a3e9cc8987b64f '   itemscope=\"itemscope\" itemtype=\"https:\/\/schema.org\/CreativeWork\" ><div class='avia_textblock'  itemprop=\"text\" ><ul>\n<li>\n<div>Richard Branson<\/div>\n<\/li>\n<li>\n<div>Oprah Winfrey<\/div>\n<\/li>\n<li>\n<div>Angelina Jolie<\/div>\n<\/li>\n<li>\n<div>Bill Clinton<\/div>\n<\/li>\n<li>\n<div>Jimmy Fallon<\/div>\n<\/li>\n<li>\n<div>Robin Williams<\/div>\n<\/li>\n<li>\n<div>Steve Martin<\/div>\n<\/li>\n<li>\n<div>Taylor Swift<\/div>\n<\/li>\n<li>\n<div>Andre Agassi<\/div>\n<\/li>\n<li>\n<div>Jay Leno<\/div>\n<\/li>\n<li>\n<div>Will Smith<\/div>\n<\/li>\n<li>\n<div>Jim Carrey<\/div>\n<\/li>\n<\/ul>\n<\/div><\/section><\/p><\/div>\n<div  class='flex_column av-av_one_third-3a36bb508d5fc0610edbe28fa28f353c av_one_third  avia-builder-el-27  el_after_av_one_third  el_before_av_one_full  flex_column_div  column-top-margin'     ><p>\n<style type=\"text\/css\" data-created_by=\"avia_inline_auto\" id=\"style-css-av-av_heading-fb00ff727e9be004803005941ac0e195\">\n#top .av-special-heading.av-av_heading-fb00ff727e9be004803005941ac0e195{\npadding-bottom:10px;\n}\nbody .av-special-heading.av-av_heading-fb00ff727e9be004803005941ac0e195 .av-special-heading-tag .heading-char{\nfont-size:25px;\n}\n.av-special-heading.av-av_heading-fb00ff727e9be004803005941ac0e195 .av-subheading{\nfont-size:15px;\n}\n<\/style>\n<div  class='av-special-heading av-av_heading-fb00ff727e9be004803005941ac0e195 av-special-heading-h3 meta-heading  avia-builder-el-28  el_before_av_textblock  avia-builder-el-first '><h3 class='av-special-heading-tag'  itemprop=\"headline\"  ><span class='special_amp'>&#8220;<\/span>I<span class='special_amp'>&#8221;<\/span> no mundo da fic\u00e7\u00e3o<\/h3><div class=\"special-heading-border\"><div class=\"special-heading-inner-border\"><\/div><\/div><\/div><br \/>\n<section  class='av_textblock_section av-av_textblock-0366cc7376be6c9e82a3e9cc8987b64f '   itemscope=\"itemscope\" itemtype=\"https:\/\/schema.org\/CreativeWork\" ><div class='avia_textblock'  itemprop=\"text\" ><ul>\n<li>Han Solo (Star Wars)<\/li>\n<li>Montgomery Scott (Star Trek)<\/li>\n<li>Bart Simpsons (Os Simpsons)<\/li>\n<li>Michelangelo (Tartarugas Ninjas)<\/li>\n<li>Pippin (O Senhor dos An\u00e9is)<\/li>\n<li>Ron Weasley (Harry Potter)<\/li>\n<li>Robert Baratheon (Game of Thrones)<\/li>\n<li>Roger Sterling (Mad Men)<\/li>\n<li>Elaine (Seinfeld)<\/li>\n<li>Michael Scott (The Office)<\/li>\n<li>Alan (Se Beber N\u00e3o Case)<\/li>\n<li>Woody (Toy Story)<\/li>\n<\/ul>\n<\/div><\/section><\/p><\/div>\n<div  class='flex_column av-av_one_full-2a9015ff38129c418a3f2eafba3e9512 av_one_full  avia-builder-el-30  el_after_av_one_third  avia-builder-el-last  first flex_column_div  column-top-margin'     ><div  class='avia-button-wrap avia-button-center  avia-builder-el-31  avia-builder-el-no-sibling '>\n<style type=\"text\/css\" data-created_by=\"avia_inline_auto\" id=\"style-css-av-av_button_big-978a6e9dda4dc30755bc7124187a69b0\">\n#top #wrap_all .avia-button.av-av_button_big-978a6e9dda4dc30755bc7124187a69b0{\ncolor:#ffffff;\ntransition:all 0.4s ease-in-out;\n}\n#top #wrap_all .avia-button.av-av_button_big-978a6e9dda4dc30755bc7124187a69b0:hover{\ncolor:#ffffff;\ntransition:all 0.4s ease-in-out;\n}\n<\/style>\n<a href='https:\/\/www.pactorh.com.br\/teste-disc\/disc\/faca-agora-teste-disc\/' class='avia-color-theme-color avia-button avia-button-fullwidth av-av_button_big-978a6e9dda4dc30755bc7124187a69b0 avia-icon_select-yes-left-icon avia-color-theme-color'  ><span class='avia_button_icon avia_button_icon_left' aria-hidden='true' data-av_icon='\ue83f' data-av_iconfont='entypo-fontello'><\/span><span class='avia_iconbox_title' >Fa\u00e7a o teste agora e descubra sua personalidade!<\/span><span class='avia_button_background avia-button avia-button-fullwidth avia-color-theme-color-subtle'><\/span><\/a><\/div><\/div>\n","protected":false},"excerpt":{"rendered":"","protected":false},"author":1,"featured_media":4224,"parent":4104,"menu_order":0,"comment_status":"closed","ping_status":"closed","template":"","meta":{"footnotes":""},"class_list":["post-4118","page","type-page","status-publish","has-post-thumbnail","hentry"],"_links":{"self":[{"href":"https:\/\/www.pactorh.com.br\/teste-disc\/wp-json\/wp\/v2\/pages\/4118","targetHints":{"allow":["GET"]}}],"collection":[{"href":"https:\/\/www.pactorh.com.br\/teste-disc\/wp-json\/wp\/v2\/pages"}],"about":[{"href":"https:\/\/www.pactorh.com.br\/teste-disc\/wp-json\/wp\/v2\/types\/page"}],"author":[{"embeddable":true,"href":"https:\/\/www.pactorh.com.br\/teste-disc\/wp-json\/wp\/v2\/users\/1"}],"replies":[{"embeddable":true,"href":"https:\/\/www.pactorh.com.br\/teste-disc\/wp-json\/wp\/v2\/comments?post=4118"}],"version-history":[{"count":6,"href":"https:\/\/www.pactorh.com.br\/teste-disc\/wp-json\/wp\/v2\/pages\/4118\/revisions"}],"predecessor-version":[{"id":4230,"href":"https:\/\/www.pactorh.com.br\/teste-disc\/wp-json\/wp\/v2\/pages\/4118\/revisions\/4230"}],"up":[{"embeddable":true,"href":"https:\/\/www.pactorh.com.br\/teste-disc\/wp-json\/wp\/v2\/pages\/4104"}],"wp:featuredmedia":[{"embeddable":true,"href":"https:\/\/www.pactorh.com.br\/teste-disc\/wp-json\/wp\/v2\/media\/4224"}],"wp:attachment":[{"href":"https:\/\/www.pactorh.com.br\/teste-disc\/wp-json\/wp\/v2\/media?parent=4118"}],"curies":[{"name":"wp","href":"https:\/\/api.w.org\/{rel}","templated":true}]}}